{"id":12,"date":"2020-03-05T16:35:12","date_gmt":"2020-03-05T16:35:12","guid":{"rendered":"http:\/\/mfg-aspach.com\/?page_id=12"},"modified":"2023-03-12T21:57:39","modified_gmt":"2023-03-12T21:57:39","slug":"events","status":"publish","type":"page","link":"https:\/\/mfg-aspach.de\/?page_id=12","title":{"rendered":"Events"},"content":{"rendered":"\n<p class=\"has-medium-font-size\"><\/p>\n\n\n\n<p class=\"has-normal-font-size\">Seit 1990 veranstalten wir jeden September einen gro\u00dfen Flugtag, der interessante Piloten und eine Vielzahl von Besuchern anzieht. Viele Modellpiloten kennen Aspach, weil dieses Flugfest das legend\u00e4re \u201eE-Meeting\u201c war, das wegbereitend f\u00fcr den elektrischen Modellflug war. Aus dem E-Meeting hat sich der heutige Flugtag entwickelt und bei uns fliegen G\u00e4ste mit allen erdenklichen Antrieben \u2013 vom reinen Segler \u00fcber Kolbenmotoren bis zu Turbinen. <\/p>\n\n\n\n<div class=\"wp-block-columns is-layout-flex wp-container-core-columns-is-layout-9d6595d7 wp-block-columns-is-layout-flex\">\n<div class=\"wp-block-column is-layout-flow wp-block-column-is-layout-flow\"><\/div>\n\n\n\n<div class=\"wp-block-column is-layout-flow wp-block-column-is-layout-flow\"><\/div>\n<\/div>\n\n\n\nngg_shortcode_0_placeholder\n\n\n\n<p class=\"has-medium-font-size\"><\/p>\n\n\n\n<p>Alle zwei Jahre veranstalten wir eine Modellbauaustellung.\nDie letzte Ausstellung war im M\u00e4rz 2019. Dabei zeigen wir nicht nur Modelle\nunserer Mitglieder, sondern auch viele Flugzeuge von befreundeten Piloten aus\nbenachbarten Vereinen.<\/p>\n\n\n\n<p>Derzeit diskutieren wir noch, ob die n\u00e4chste Ausstellung wie geplant im Fr\u00fchjahr 2021 stattfinden soll, oder ob wir sie um ein Jahr zu verschieben um sie im Rahmen des 50-J\u00e4hrigen Jubil\u00e4ums der Verbandsgemeinde Aspach durchzuf\u00fchren.<\/p>\n\n\n\nngg_shortcode_1_placeholder\n","protected":false},"excerpt":{"rendered":"<p>Seit 1990 veranstalten wir jeden September einen gro\u00dfen Flugtag, der interessante Piloten und eine Vielzahl von Besuchern anzieht. Viele Modellpiloten kennen Aspach, weil dieses Flugfest das legend\u00e4re \u201eE-Meeting\u201c war, das wegbereitend f\u00fcr den elektrischen Modellflug war. Aus dem E-Meeting hat sich der heutige Flugtag entwickelt und bei uns fliegen G\u00e4ste mit allen erdenklichen Antrieben \u2013 [&hellip;]<\/p>\n","protected":false},"author":1,"featured_media":0,"parent":0,"menu_order":0,"comment_status":"closed","ping_status":"closed","template":"","meta":{"ngg_post_thumbnail":0,"footnotes":""},"class_list":["post-12","page","type-page","status-publish","hentry"],"_links":{"self":[{"href":"https:\/\/mfg-aspach.de\/index.php?rest_route=\/wp\/v2\/pages\/12","targetHints":{"allow":["GET"]}}],"collection":[{"href":"https:\/\/mfg-aspach.de\/index.php?rest_route=\/wp\/v2\/pages"}],"about":[{"href":"https:\/\/mfg-aspach.de\/index.php?rest_route=\/wp\/v2\/types\/page"}],"author":[{"embeddable":true,"href":"https:\/\/mfg-aspach.de\/index.php?rest_route=\/wp\/v2\/users\/1"}],"replies":[{"embeddable":true,"href":"https:\/\/mfg-aspach.de\/index.php?rest_route=%2Fwp%2Fv2%2Fcomments&post=12"}],"version-history":[{"count":10,"href":"https:\/\/mfg-aspach.de\/index.php?rest_route=\/wp\/v2\/pages\/12\/revisions"}],"predecessor-version":[{"id":1699,"href":"https:\/\/mfg-aspach.de\/index.php?rest_route=\/wp\/v2\/pages\/12\/revisions\/1699"}],"wp:attachment":[{"href":"https:\/\/mfg-aspach.de\/index.php?rest_route=%2Fwp%2Fv2%2Fmedia&parent=12"}],"curies":[{"name":"wp","href":"https:\/\/api.w.org\/{rel}","templated":true}]}}