{"id":14,"date":"2020-03-05T16:35:12","date_gmt":"2020-03-05T16:35:12","guid":{"rendered":"http:\/\/mfg-aspach.com\/?page_id=14"},"modified":"2024-03-21T10:38:14","modified_gmt":"2024-03-21T10:38:14","slug":"flugplatz","status":"publish","type":"page","link":"https:\/\/mfg-aspach.de\/?page_id=14","title":{"rendered":"Flugplatz"},"content":{"rendered":"\n<p>Das Modellfluggel\u00e4nde umfasst ca. 2 ha. Als Start- und Landebahn steht ein 150m langer und 20m breiter gepflegter Rasen, sowie eine Asphaltbahn mit 60m L\u00e4nge und 5m Breite zur Verf\u00fcgung. Unsere Aufstiegserlaubnis l\u00e4sst den Betrieb von Segelflugmodellen und Flugmodellen mit Elektroantrieb- oder Verbrennungsmotor bis maximal 25 kg Startmasse oder Raketenantrieb bis 10g Treibsatz zu. Bei einem Flugmodell mit Verbrennungsmotor(en) in der Luft ist ein maximaler Emissionspegel von 82 dB(A)\/25m einzuhalten. Bei bis zu 3 Modellen gleichzeitig in der Luft ist nur ein maximaler Emissionspegel von 78 dB(A)\/25m erlaubt. Es d\u00fcrfen gleichzeitig max. 6 Flugmodelle, davon max. drei mit Kolbenverbrennungsmotoren oder max. eines mit Turbinenverbrennungsmotor in der Luft sein. Ein gleichzeitiger Betrieb von Flugmodellen mit Kolbenverbrennungsmotor und Turbinenverbrennungsmotor oder Raketenantrieb ist nicht zul\u00e4ssig.<\/p>\n\n\n\nngg_shortcode_0_placeholder\n\n\n\n<hr class=\"wp-block-separator has-css-opacity\"\/>\n\n\n\n<p class=\"has-text-align-center has-medium-font-size\"><strong>Hier finden Sie den Weg zu uns<\/strong><\/p>\n\n\n\n<div style=\"text-align:center;\">\n<a name=\"\u201dgmaps\u201d\"><\/a>\n<iframe loading=\"lazy\" src=\"https:\/\/www.google.com\/maps\/embed?pb=!1m18!1m12!1m3!1d2619.7867757675585!2d9.378403515868767!3d48.95754580167367!2m3!1f0!2f0!3f0!3m2!1i1024!2i768!4f13.1!3m3!1m2!1s0x4799cb112642d4c5%3A0x7dcf78ca1c3d272c!2sMFG-Aspach%20e.V.!5e0!3m2!1sde!2sde!4v1583431484717!5m2!1sde!2sde\" width=\"900\" height=\"450\" frameborder=\"0\" style=\"border:0;\" allowfullscreen=\"\"><\/iframe>\n<\/div>\n\n\n\n<hr class=\"wp-block-separator has-css-opacity is-style-wide\"\/>\n\n\n\n<h4 class=\"wp-block-heading has-text-align-center\">Koordinaten: 48\u00b0 57\u2018 27,2\u2018\u2018 N\u00a0\u00a0\u00a0 9\u00b0 22\u2018 50,6\u2018\u2018 O  <\/h4>\n\n\n<div class=\"wp-block-image\">\n<figure class=\"aligncenter size-full is-resized\"><img loading=\"lazy\" decoding=\"async\" width=\"152\" height=\"152\" src=\"https:\/\/mfg-aspach.de\/wp-content\/uploads\/2024\/03\/image.png\" alt=\"\" class=\"wp-image-1746\" style=\"width:127px;height:auto\" srcset=\"https:\/\/mfg-aspach.de\/wp-content\/uploads\/2024\/03\/image.png 152w, https:\/\/mfg-aspach.de\/wp-content\/uploads\/2024\/03\/image-150x150.png 150w\" sizes=\"auto, (max-width: 152px) 100vw, 152px\" \/><\/figure>\n<\/div>\n\n\n<hr class=\"wp-block-separator has-css-opacity is-style-wide\"\/>\n\n\n\n<div class=\"wp-block-columns is-layout-flex wp-container-core-columns-is-layout-9d6595d7 wp-block-columns-is-layout-flex\">\n<div class=\"wp-block-column is-layout-flow wp-block-column-is-layout-flow\">\n<p><strong>Anfahrt kommend von BAB A81, Ausfahrt Mundelsheim:<\/strong><\/p>\n\n\n\n<p>Nach der Autobahnabfahrt in Richtung Backnang auf der L1115 \u00fcber Gro\u00dfbottwar, Kleinaspach nach Gro\u00dfaspach fahren. Bei Gro\u00dfaspach angekommen weiter auf der L1115 bleiben bis zur Abbiegung auf die L1124 Richtung Marbach am Neckar. Der n\u00e4chste kleine Weiler hei\u00dft F\u00fcrstenhof. Auf der L1124 bleiben.&nbsp; Linker Hand kommt eine Bushaltestelle. Gleich nach der Haltestelle links in den den Flurbereinigungsweg einbiegen. Am Ende des Weges rechts abbiegen. Die n\u00e4chste wieder links. Dann die Anh\u00f6he hoch.<\/p>\n<\/div>\n\n\n\n<div class=\"wp-block-column is-layout-flow wp-block-column-is-layout-flow\">\n<p><strong>Anfahrt kommend aus Richtung Stuttgart<\/strong><\/p>\n\n\n\n<p>Von Stuttgart kommend auf\nder B14 in Richtung Backnang \u00fcber Waiblingen und Winnenden fahren. Ab Backnang links\nabbiegen auf die L1115 und ca. 2km auf der L1115 Richtung BAB A81 Mundelsheim\nbleiben.<\/p>\n\n\n\n<p>Bei Gro\u00dfaspach angekommen\nweiter auf der L1115 bleiben bis zur Abbiegung auf die L1124 Richtung Marbach\nam Neckar. Der n\u00e4chste kleine Weiler hei\u00dft F\u00fcrstenhof. Auf der L1124 bleiben. Linker\nHand kommt eine Bushaltestelle. Gleich nach der Haltestelle links in den den\nFlurbereinigungsweg einbiegen. Am Ende des Weges rechts abbiegen. Die n\u00e4chste\nwieder links. Dann die Anh\u00f6he hoch.<\/p>\n<\/div>\n<\/div>\n","protected":false},"excerpt":{"rendered":"<p>Das Modellfluggel\u00e4nde umfasst ca. 2 ha. Als Start- und Landebahn steht ein 150m langer und 20m breiter gepflegter Rasen, sowie eine Asphaltbahn mit 60m L\u00e4nge und 5m Breite zur Verf\u00fcgung. Unsere Aufstiegserlaubnis l\u00e4sst den Betrieb von Segelflugmodellen und Flugmodellen mit Elektroantrieb- oder Verbrennungsmotor bis maximal 25 kg Startmasse oder Raketenantrieb bis 10g Treibsatz zu. Bei [&hellip;]<\/p>\n","protected":false},"author":1,"featured_media":0,"parent":0,"menu_order":0,"comment_status":"closed","ping_status":"closed","template":"","meta":{"ngg_post_thumbnail":0,"footnotes":""},"class_list":["post-14","page","type-page","status-publish","hentry"],"_links":{"self":[{"href":"https:\/\/mfg-aspach.de\/index.php?rest_route=\/wp\/v2\/pages\/14","targetHints":{"allow":["GET"]}}],"collection":[{"href":"https:\/\/mfg-aspach.de\/index.php?rest_route=\/wp\/v2\/pages"}],"about":[{"href":"https:\/\/mfg-aspach.de\/index.php?rest_route=\/wp\/v2\/types\/page"}],"author":[{"embeddable":true,"href":"https:\/\/mfg-aspach.de\/index.php?rest_route=\/wp\/v2\/users\/1"}],"replies":[{"embeddable":true,"href":"https:\/\/mfg-aspach.de\/index.php?rest_route=%2Fwp%2Fv2%2Fcomments&post=14"}],"version-history":[{"count":34,"href":"https:\/\/mfg-aspach.de\/index.php?rest_route=\/wp\/v2\/pages\/14\/revisions"}],"predecessor-version":[{"id":1748,"href":"https:\/\/mfg-aspach.de\/index.php?rest_route=\/wp\/v2\/pages\/14\/revisions\/1748"}],"wp:attachment":[{"href":"https:\/\/mfg-aspach.de\/index.php?rest_route=%2Fwp%2Fv2%2Fmedia&parent=14"}],"curies":[{"name":"wp","href":"https:\/\/api.w.org\/{rel}","templated":true}]}}