{"id":15,"date":"2020-03-05T16:35:12","date_gmt":"2020-03-05T16:35:12","guid":{"rendered":"http:\/\/mfg-aspach.com\/?page_id=15"},"modified":"2023-11-20T19:13:46","modified_gmt":"2023-11-20T19:13:46","slug":"jugend","status":"publish","type":"page","link":"https:\/\/mfg-aspach.de\/?page_id=15","title":{"rendered":"Jugend"},"content":{"rendered":"\n<p>Wir haben eine gro\u00dfe und sehr aktive Jugendgruppe von mehr als 20 Jungen und M\u00e4dchen zwischen 8 und 18 Jahren. Viele Vereine, speziell auch Modellflugvereine beklagen, dass es an Nachwuchs mangelt. Das ist bei uns ganz und gar nicht so: unsere Jugendarbeit wurde bereits zum f\u00fcnften mal in Folge als einer von 10 Vereinen ausgezeichnet und tr\u00e4gt seit Jahren Fr\u00fcchte.<\/p>\n\n\n\n<p>Modellfliegen ist ein phantastisches Hobby, das unglaublich\nviel zu bieten hat. Die Fliegerei macht einen Riesenspass, und ist sehr\nvielf\u00e4ltig. Egal ob Segelflugzeug, Kunstflugmaschine oder Warbird, jeder\nFlugzeugtyp hat seine eigene Faszination &#8211; aber das ist noch lange nicht alles.\nWer Lust hat, kann auch lernen wie man ein Flugzeug selber baut. Dazu kommen\ndie modernen Senderanlagen, eigentlich Computer mit tollen M\u00f6glichkeiten der\nProgrammierung. Und nicht zuletzt die Flugsimulatoren, die unsere jungen\nPiloten nutzen um die waghalsigen Man\u00f6ver zu \u00fcben, die den Jugendleitern immer\nwieder ein L\u00e4cheln aufs Gesicht zaubern.<\/p>\n\n\n\n<p>Unsere Jugendlichen stellen rund ein Viertel aller Mitglieder im Verein. W\u00e4hrend der Sommerzeit findet immer am Donnerstag ab 17 Uhr der Jugendabend auf unserem Flugplatz statt. Geflogen werden kann, sofern es das Wetter erlaubt, an jedem Tag in der Woche, sofern ein erwachsener Flugleiter auf dem Flugplatz ist. Donnerstags ist die Jugend aber unter sich, und dementsprechend ist die Stimmung!<\/p>\n\n\n\nngg_shortcode_0_placeholder\n\n\n\nngg_shortcode_1_placeholder\n\n\n\n<p>Aber nat\u00fcrlich wird bei uns nicht nur geflogen: wir veranstalten regelm\u00e4\u00dfig Zeltlager auf dem Flugplatz, besuchen Messen und Flugtage und nehmen an Meisterschaften teil. Helfen m\u00fcssen die Jugendlichen nat\u00fcrlich auch: der gro\u00dfe Rasen unseres Flugplatzes muss regelm\u00e4\u00dfig gem\u00e4ht werden, unsere H\u00fctte braucht Ordnung und Pflege und nat\u00fcrlich helfen die Jugendlichen auch bei unserem allj\u00e4hrlichen Flugfest kr\u00e4ftig mit.<\/p>\n\n\n\nngg_shortcode_2_placeholder\n\n\n\n<p> Und was machen wir Modellflieger im Winter, bei K\u00e4lte, Regen und Schnee? Wir fliegen im Winterhalbjahr einfach in der Halle weiter. Sonntags von 14 bis 16 Uhr fliegt die Jugendgruppe in der M\u00fchlfeldhalle in Aspach.  <\/p>\n\n\n\nngg_shortcode_3_placeholder\n\n\n\n<p>Winterzeit ist f\u00fcr uns auch Bauzeit. Wer Lust hat, kann unter Anleitung von erfahrenen Modellbauern selber Flugzeuge bauen. Dabei lernt man den Umgang mit Werkzeug und Maschinen, die Bearbeitung von Holz, Glasfaser und mehr. Elektrik und Elektronik, Programmierung, und schlie\u00dflich der spannende Moment: der Erstflug des selbst gebauten Flugzeugs.<\/p>\n\n\n\nngg_shortcode_4_placeholder\n\n\n\n<p>Du hast Lust, bei uns mitzumachen? Herzlich willkommen! Komm einfach, je nach Jahreszeit, am Sonntagnachmittag in die M\u00fchlfeldhalle oder am Donnerstagabend auf den Flugplatz. Wenn Du m\u00f6chtest, bringen wir dir bei, wie man ein Modellflugzeug fliegt. <\/p>\n\n\n<div class=\"wp-block-image\">\n<figure class=\"aligncenter size-large\"><img loading=\"lazy\" decoding=\"async\" width=\"1024\" height=\"878\" src=\"https:\/\/mfg-aspach.de\/wp-content\/uploads\/2021\/09\/Screenshot-2021-09-10-at-4.12.38-PM-1024x878.png\" alt=\"\" class=\"wp-image-1587\" srcset=\"https:\/\/mfg-aspach.de\/wp-content\/uploads\/2021\/09\/Screenshot-2021-09-10-at-4.12.38-PM-1024x878.png 1024w, https:\/\/mfg-aspach.de\/wp-content\/uploads\/2021\/09\/Screenshot-2021-09-10-at-4.12.38-PM-300x257.png 300w, https:\/\/mfg-aspach.de\/wp-content\/uploads\/2021\/09\/Screenshot-2021-09-10-at-4.12.38-PM-768x658.png 768w, https:\/\/mfg-aspach.de\/wp-content\/uploads\/2021\/09\/Screenshot-2021-09-10-at-4.12.38-PM.png 1470w\" sizes=\"auto, (max-width: 1024px) 100vw, 1024px\" \/><\/figure>\n<\/div>\n\n\n<p><strong>Besonderer Dank geht an die Firma JETI model s.r.o f\u00fcr die gro\u00dfz\u00fcgige Unterst\u00fctzung unserer jungen Piloten durch Software-Upgrades f\u00fcr die hochwertigen Jeti-Sender.<\/strong><\/p>\n\n\n\n<figure class=\"wp-block-image size-large\"><img loading=\"lazy\" decoding=\"async\" width=\"1024\" height=\"279\" src=\"https:\/\/mfg-aspach.de\/wp-content\/uploads\/2022\/10\/Screenshot-2022-10-17-at-2.45.39-PM-1024x279.png\" alt=\"\" class=\"wp-image-1656\" srcset=\"https:\/\/mfg-aspach.de\/wp-content\/uploads\/2022\/10\/Screenshot-2022-10-17-at-2.45.39-PM-1024x279.png 1024w, https:\/\/mfg-aspach.de\/wp-content\/uploads\/2022\/10\/Screenshot-2022-10-17-at-2.45.39-PM-300x82.png 300w, https:\/\/mfg-aspach.de\/wp-content\/uploads\/2022\/10\/Screenshot-2022-10-17-at-2.45.39-PM-768x209.png 768w, https:\/\/mfg-aspach.de\/wp-content\/uploads\/2022\/10\/Screenshot-2022-10-17-at-2.45.39-PM-1536x418.png 1536w, https:\/\/mfg-aspach.de\/wp-content\/uploads\/2022\/10\/Screenshot-2022-10-17-at-2.45.39-PM-2048x557.png 2048w\" sizes=\"auto, (max-width: 1024px) 100vw, 1024px\" \/><\/figure>\n\n\n\nngg_shortcode_5_placeholder\n","protected":false},"excerpt":{"rendered":"<p>Wir haben eine gro\u00dfe und sehr aktive Jugendgruppe von mehr als 20 Jungen und M\u00e4dchen zwischen 8 und 18 Jahren. Viele Vereine, speziell auch Modellflugvereine beklagen, dass es an Nachwuchs mangelt. Das ist bei uns ganz und gar nicht so: unsere Jugendarbeit wurde bereits zum f\u00fcnften mal in Folge als einer von 10 Vereinen ausgezeichnet [&hellip;]<\/p>\n","protected":false},"author":1,"featured_media":0,"parent":0,"menu_order":0,"comment_status":"closed","ping_status":"closed","template":"","meta":{"ngg_post_thumbnail":0,"footnotes":""},"class_list":["post-15","page","type-page","status-publish","hentry"],"_links":{"self":[{"href":"https:\/\/mfg-aspach.de\/index.php?rest_route=\/wp\/v2\/pages\/15","targetHints":{"allow":["GET"]}}],"collection":[{"href":"https:\/\/mfg-aspach.de\/index.php?rest_route=\/wp\/v2\/pages"}],"about":[{"href":"https:\/\/mfg-aspach.de\/index.php?rest_route=\/wp\/v2\/types\/page"}],"author":[{"embeddable":true,"href":"https:\/\/mfg-aspach.de\/index.php?rest_route=\/wp\/v2\/users\/1"}],"replies":[{"embeddable":true,"href":"https:\/\/mfg-aspach.de\/index.php?rest_route=%2Fwp%2Fv2%2Fcomments&post=15"}],"version-history":[{"count":18,"href":"https:\/\/mfg-aspach.de\/index.php?rest_route=\/wp\/v2\/pages\/15\/revisions"}],"predecessor-version":[{"id":1704,"href":"https:\/\/mfg-aspach.de\/index.php?rest_route=\/wp\/v2\/pages\/15\/revisions\/1704"}],"wp:attachment":[{"href":"https:\/\/mfg-aspach.de\/index.php?rest_route=%2Fwp%2Fv2%2Fmedia&parent=15"}],"curies":[{"name":"wp","href":"https:\/\/api.w.org\/{rel}","templated":true}]}}