{"id":16,"date":"2020-03-05T16:35:12","date_gmt":"2020-03-05T16:35:12","guid":{"rendered":"http:\/\/mfg-aspach.com\/?page_id=16"},"modified":"2025-11-10T15:04:57","modified_gmt":"2025-11-10T15:04:57","slug":"vorstand","status":"publish","type":"page","link":"https:\/\/mfg-aspach.de\/?page_id=16","title":{"rendered":"Vorstandschaft \/ Kontakt"},"content":{"rendered":"\n<p class=\"has-text-align-center\">Die Vorstandschaft der Modellfliegergemeinschaft Aspach e.V. wird satzungsgem\u00e4\u00df alle 2 Jahre durch die Mitgliederversammlung gew\u00e4hlt und setzt sich aus insgesamt 7 Mitgliedern wie folgt zusammen:<\/p>\n\n\n\n<div class=\"wp-block-columns is-layout-flex wp-container-core-columns-is-layout-9d6595d7 wp-block-columns-is-layout-flex\">\n<div class=\"wp-block-column is-layout-flow wp-block-column-is-layout-flow\" style=\"flex-basis:33.33%\">\n<p class=\"has-text-align-center\"><strong>1. Vorstand<\/strong>&nbsp;<em>Heiko Wedel<\/em><\/p>\n\n\n\n<p class=\"has-text-align-center\">   <strong>2. Vorstand<\/strong> <em>Walter Hertfelder<\/em><\/p>\n\n\n\n<p class=\"has-text-align-center\">   <strong>Schriftf\u00fchrer<\/strong> <em>Lukas Klausmann<\/em><\/p>\n\n\n\n<p class=\"has-text-align-center\"><strong>Kassenwart<\/strong> <em><em>Michaela Klausmann<\/em><\/em><\/p>\n<\/div>\n\n\n\n<div class=\"wp-block-column is-vertically-aligned-top is-layout-flow wp-block-column-is-layout-flow\" style=\"flex-basis:66.66%\">\n<p class=\"has-text-align-center\"><strong>Jugendwart<\/strong> <em>Thomas Stier<\/em><\/p>\n\n\n\n<p class=\"has-text-align-center\"><strong>Flugleitung<\/strong> <em>Lars Gogel<\/em><\/p>\n\n\n\n<p class=\"has-text-align-center\"><strong>Beisitzer<\/strong> <em>Lukas S\u00e4ttele<\/em><\/p>\n<\/div>\n<\/div>\n\n\n\n<p><mark style=\"background-color:rgba(0, 0, 0, 0)\" class=\"has-inline-color has-colibri-color-5-color\">.<\/mark><\/p>\n\n\n\n<h3 class=\"wp-block-heading\" id=\"113\"><strong>Kontakt<\/strong><\/h3>\n\n\n\n<p class=\"has-text-align-center\">Du kannst \u00fcber das nebenstehende Fenster jedem Vorstandsmitglied eine E-Mail schicken. W\u00e4hle oben links einfach den gew\u00fcnschten Empf\u00e4nger, gib deine eigene E-Mail-Adresse an und schreibe deine Nachricht.<\/p>\n\n\n\n\n<div class=\"wpcf7 no-js\" id=\"wpcf7-f113-o1\" lang=\"de-DE\" dir=\"ltr\" data-wpcf7-id=\"113\">\n<div class=\"screen-reader-response\"><p role=\"status\" aria-live=\"polite\" aria-atomic=\"true\"><\/p> <ul><\/ul><\/div>\n<form action=\"\/index.php?rest_route=%2Fwp%2Fv2%2Fpages%2F16#wpcf7-f113-o1\" method=\"post\" class=\"wpcf7-form init\" aria-label=\"Kontaktformular\" novalidate=\"novalidate\" data-status=\"init\">\n<fieldset class=\"hidden-fields-container\"><input type=\"hidden\" name=\"_wpcf7\" value=\"113\" \/><input type=\"hidden\" name=\"_wpcf7_version\" value=\"6.1.5\" \/><input type=\"hidden\" name=\"_wpcf7_locale\" value=\"de_DE\" \/><input type=\"hidden\" name=\"_wpcf7_unit_tag\" value=\"wpcf7-f113-o1\" \/><input type=\"hidden\" name=\"_wpcf7_container_post\" value=\"0\" \/><input type=\"hidden\" name=\"_wpcf7_posted_data_hash\" value=\"\" \/>\n<\/fieldset>\n<p><label> Dein Name (Pflichtfeld)<br \/>\n<span class=\"wpcf7-form-control-wrap\" data-name=\"your-name\"><input size=\"40\" maxlength=\"400\" class=\"wpcf7-form-control wpcf7-text wpcf7-validates-as-required\" aria-required=\"true\" aria-invalid=\"false\" value=\"\" type=\"text\" name=\"your-name\" \/><\/span> <\/label>\n<\/p>\n<p><label> Deine E-Mail-Adresse (Pflichtfeld)<br \/>\n<span class=\"wpcf7-form-control-wrap\" data-name=\"your-email\"><input size=\"40\" maxlength=\"400\" class=\"wpcf7-form-control wpcf7-email wpcf7-validates-as-required wpcf7-text wpcf7-validates-as-email\" aria-required=\"true\" aria-invalid=\"false\" value=\"\" type=\"email\" name=\"your-email\" \/><\/span> <\/label>\n<\/p>\n<p><label> Betreff (Pflichtfeld)<br \/>\n<span class=\"wpcf7-form-control-wrap\" data-name=\"your-subject\"><input size=\"40\" maxlength=\"400\" class=\"wpcf7-form-control wpcf7-text wpcf7-validates-as-required\" aria-required=\"true\" aria-invalid=\"false\" value=\"\" type=\"text\" name=\"your-subject\" \/><\/span> <\/label>\n<\/p>\n<p><label> Wem willst du eine Mail senden? (Pflichtfeld) <span class=\"wpcf7-form-control-wrap\" data-name=\"recipient\"><select class=\"wpcf7-form-control wpcf7-select wpcf7-validates-as-required\" aria-required=\"true\" aria-invalid=\"false\" multiple=\"multiple\" name=\"recipient[]\"><option value=\"Vorstand\">Vorstand<\/option><option value=\"Jugendwart\">Jugendwart<\/option><option value=\"Flugleitung\">Flugleitung<\/option><option value=\"Schriftf\u00fchrung\">Schriftf\u00fchrung<\/option><option value=\"Kassenwart\">Kassenwart<\/option><\/select><\/span> <\/label>\n<\/p>\n<p><label> Deine Nachricht (Pflichtfeld)<br \/>\n<span class=\"wpcf7-form-control-wrap\" data-name=\"your-message\"><textarea cols=\"40\" rows=\"10\" maxlength=\"2000\" class=\"wpcf7-form-control wpcf7-textarea wpcf7-validates-as-required\" aria-required=\"true\" aria-invalid=\"false\" name=\"your-message\"><\/textarea><\/span> <\/label>\n<\/p>\n<p><input class=\"wpcf7-form-control wpcf7-submit has-spinner\" type=\"submit\" value=\"Senden\" \/>\n<\/p><div class=\"wpcf7-response-output\" aria-hidden=\"true\"><\/div>\n<\/form>\n<\/div>\n\n\n\n\n<p><\/p>\n","protected":false},"excerpt":{"rendered":"<p>Die Vorstandschaft der Modellfliegergemeinschaft Aspach e.V. wird satzungsgem\u00e4\u00df alle 2 Jahre durch die Mitgliederversammlung gew\u00e4hlt und setzt sich aus insgesamt 7 Mitgliedern wie folgt zusammen: 1. Vorstand&nbsp;Heiko Wedel 2. Vorstand Walter Hertfelder Schriftf\u00fchrer Lukas Klausmann Kassenwart Michaela Klausmann Jugendwart Thomas Stier Flugleitung Lars Gogel Beisitzer Lukas S\u00e4ttele . Kontakt Du kannst \u00fcber das nebenstehende Fenster [&hellip;]<\/p>\n","protected":false},"author":1,"featured_media":0,"parent":0,"menu_order":0,"comment_status":"closed","ping_status":"closed","template":"","meta":{"ngg_post_thumbnail":0,"footnotes":""},"class_list":["post-16","page","type-page","status-publish","hentry"],"_links":{"self":[{"href":"https:\/\/mfg-aspach.de\/index.php?rest_route=\/wp\/v2\/pages\/16","targetHints":{"allow":["GET"]}}],"collection":[{"href":"https:\/\/mfg-aspach.de\/index.php?rest_route=\/wp\/v2\/pages"}],"about":[{"href":"https:\/\/mfg-aspach.de\/index.php?rest_route=\/wp\/v2\/types\/page"}],"author":[{"embeddable":true,"href":"https:\/\/mfg-aspach.de\/index.php?rest_route=\/wp\/v2\/users\/1"}],"replies":[{"embeddable":true,"href":"https:\/\/mfg-aspach.de\/index.php?rest_route=%2Fwp%2Fv2%2Fcomments&post=16"}],"version-history":[{"count":22,"href":"https:\/\/mfg-aspach.de\/index.php?rest_route=\/wp\/v2\/pages\/16\/revisions"}],"predecessor-version":[{"id":1804,"href":"https:\/\/mfg-aspach.de\/index.php?rest_route=\/wp\/v2\/pages\/16\/revisions\/1804"}],"wp:attachment":[{"href":"https:\/\/mfg-aspach.de\/index.php?rest_route=%2Fwp%2Fv2%2Fmedia&parent=16"}],"curies":[{"name":"wp","href":"https:\/\/api.w.org\/{rel}","templated":true}]}}